{"id":130,"date":"2022-11-30T19:09:35","date_gmt":"2022-11-30T19:09:35","guid":{"rendered":"https:\/\/zoiahorn.anarchaserver.org\/holobionte\/?page_id=130"},"modified":"2022-11-30T19:11:04","modified_gmt":"2022-11-30T19:11:04","slug":"la-truffxlab","status":"publish","type":"page","link":"https:\/\/zoiahorn.anarchaserver.org\/holobionte\/la-truffxlab\/","title":{"rendered":"La TruffXlab"},"content":{"rendered":"<p align=\"justify\"><span style=\"color: #000000\"><span style=\"font-size: large\"><b>Ckoikess\u00a0? :<\/b><\/span><\/span><\/p>\n<p align=\"justify\"><span style=\"color: #000000\"><span style=\"font-size: medium\"> C\u2019est une <b>recherche_action permaculturelle et performative:<\/b> r\u00e9flexion et proposition d\u2019une nouvelle grille de lecture, en dehors du monde humain et binaire. Une r\u00e9flexion sur le.s savoir.s, les liens, les incarnations et les collectifs ( Livres, articles, fanzines, son, vid\u00e9o). <\/span><\/span><\/p>\n<p align=\"justify\"><span style=\"color: #000000\"><span style=\"font-size: medium\"> C\u2019est une <b>proposition artistique:<\/b> son, video, installations, performance, maintenance art, craft art, biohack&#8230;<\/span><\/span><\/p>\n<p align=\"justify\"><span style=\"color: #000000\"><span style=\"font-size: medium\"> C\u2019est une <b>coquille<\/b>, \u00e9volutive et itin\u00e9rante, qui s\u2019implante ponctuellement en diff\u00e9rents endroits. Une fa\u00e7on particuli\u00e8re de faire r\u00e9sidence, Les Snouffeureuses, entit\u00e9s de la TruffeXlab, nichent plut\u00f4t qu\u2019elles ne r\u00e9sident. <\/span><\/span><\/p>\n<p align=\"justify\"><span style=\"color: #000000\"><span style=\"font-size: medium\"> Une cabane, une caravane, une tiny house DIY. Autonome, mais dans l\u2019espace.<\/span><\/span><\/p>\n<p align=\"justify\"><span style=\"color: #000000\"><span style=\"font-size: medium\"> L\u2019implantation #2 aura lieu \u00e0 L\u2019Ursulab_ Antre_Peaux, en automne 2022.<\/span><\/span><\/p>\n<p align=\"justify\"><span style=\"color: #000000\"> <span style=\"font-size: medium\">C\u2019est un <\/span><span style=\"font-size: medium\"><b>site internet.<\/b><\/span> <span style=\"font-size: medium\">Trace et outils, ce cyber_espace sera le lieu d\u2019\u00e9criture, de diffusion et d\u2019expos<\/span><span style=\"font-size: medium\">i<\/span><span style=\"font-size: medium\">tion des travaux d<\/span><span style=\"font-size: medium\">e la<\/span><span style=\"font-size: medium\"> TruffeXlab (Son, vid\u00e9o, articles, fanzines, <\/span><span style=\"font-size: medium\">biohack<\/span><span style=\"font-size: medium\">), et le \u00ab\u00a0portail\u00a0\u00bb des diff\u00e9rents partenaires de symbiose <\/span>( Entit\u00e9s\u00a0: Aurore Maurillon, Bobby Dream, Maya, Isabelle Carlier&#8230; Lieux\u00a0: Ursulab Antre_Peaux, Z\u00fcrich, Bruxelles, &#8230;)<span style=\"font-size: medium\">.<\/span><\/span><\/p>\n<p align=\"justify\"><span style=\"color: #000000\"> <span style=\"font-size: medium\">C\u2019est un <\/span><span style=\"font-size: medium\"><b>r\u00e9seau<\/b><\/span><span style=\"font-size: medium\">, <\/span><span style=\"font-size: medium\">une toile tissant ensemble <\/span><span style=\"font-size: medium\">art, science, <\/span><span style=\"font-size: medium\">sexualit\u00e9, <\/span><span style=\"font-size: medium\">militant.<\/span><span style=\"font-size: medium\">X.s<\/span><span style=\"font-size: medium\"> et hacktivistes <\/span><span style=\"font-size: medium\">de l\u2019\u00e9cosexualit\u00e9<\/span><span style=\"font-size: medium\">. <\/span><span style=\"font-size: medium\">Visible sur le site. <\/span><\/span><\/p>\n","protected":false},"excerpt":{"rendered":"<p>Ckoikess\u00a0? : C\u2019est une recherche_action permaculturelle et performative: r\u00e9flexion et proposition d\u2019une nouvelle grille de lecture, en dehors du monde humain et binaire. Une r\u00e9flexion sur le.s savoir.s, les liens, les incarnations et les collectifs ( Livres, articles, fanzines, son, vid\u00e9o). C\u2019est une proposition artistique: son, video, installations, performance, maintenance art, craft art, biohack&#8230; C\u2019est &hellip; <\/p>\n<p class=\"link-more\"><a href=\"https:\/\/zoiahorn.anarchaserver.org\/holobionte\/la-truffxlab\/\" class=\"more-link\">Continue reading<span class=\"screen-reader-text\"> &#8220;La TruffXlab&#8221;<\/span><\/a><\/p>\n","protected":false},"author":13,"featured_media":0,"parent":0,"menu_order":0,"comment_status":"closed","ping_status":"closed","template":"","meta":{"footnotes":""},"class_list":["post-130","page","type-page","status-publish","hentry"],"_links":{"self":[{"href":"https:\/\/zoiahorn.anarchaserver.org\/holobionte\/wp-json\/wp\/v2\/pages\/130","targetHints":{"allow":["GET"]}}],"collection":[{"href":"https:\/\/zoiahorn.anarchaserver.org\/holobionte\/wp-json\/wp\/v2\/pages"}],"about":[{"href":"https:\/\/zoiahorn.anarchaserver.org\/holobionte\/wp-json\/wp\/v2\/types\/page"}],"author":[{"embeddable":true,"href":"https:\/\/zoiahorn.anarchaserver.org\/holobionte\/wp-json\/wp\/v2\/users\/13"}],"replies":[{"embeddable":true,"href":"https:\/\/zoiahorn.anarchaserver.org\/holobionte\/wp-json\/wp\/v2\/comments?post=130"}],"version-history":[{"count":2,"href":"https:\/\/zoiahorn.anarchaserver.org\/holobionte\/wp-json\/wp\/v2\/pages\/130\/revisions"}],"predecessor-version":[{"id":132,"href":"https:\/\/zoiahorn.anarchaserver.org\/holobionte\/wp-json\/wp\/v2\/pages\/130\/revisions\/132"}],"wp:attachment":[{"href":"https:\/\/zoiahorn.anarchaserver.org\/holobionte\/wp-json\/wp\/v2\/media?parent=130"}],"curies":[{"name":"wp","href":"https:\/\/api.w.org\/{rel}","templated":true}]}}