{"id":37,"date":"2020-03-09T14:18:52","date_gmt":"2020-03-09T14:18:52","guid":{"rendered":"https:\/\/zoiahorn.anarchaserver.org\/holobionte\/?page_id=37"},"modified":"2022-11-30T22:33:22","modified_gmt":"2022-11-30T22:33:22","slug":"les-micro-organismes-entraineuses","status":"publish","type":"page","link":"https:\/\/zoiahorn.anarchaserver.org\/holobionte\/les-micro-organismes-entraineuses\/","title":{"rendered":"Les SnouffeurXses"},"content":{"rendered":"<div><b> <span class=\"author-a-m7z83zz79zkz79z2btz122zlz79zb4z90zz81z\">Jack et Vx\u00a0 invitent toute sorte de micro-organismes et virus \u00e0 agr\u00e9menter leur symbiose, sur la toile et \u00e0 l&#8217;occasion d&#8217;exp\u00e9riences trans\u00e9sp\u00e8ces<\/span><\/b><\/div>\n<div><\/div>\n<div><\/div>\n<div>\n<p align=\"justify\"><span style=\"color: #1e6a39\"><span style=\"font-size: medium\"><b> Jack\u00a0:<\/b> \u00eatre incarn\u00e9.e, spontan\u00e9ment \u00e9cosexuel.le, comme nous toustes avant l\u2019\u00e9ducation \u00e0 la culture dissociative, c\u2019est \u00e0 dire l\u2019humanisation. Iel invite Vx et les individu.e.s snouff_consentantXs \u00e0 un autre rapport au vivant et \u00e0 la relation. <strong><br \/>\n<\/strong><\/span><\/span><\/p>\n<\/div>\n<div>\n<p align=\"justify\"><strong>Vx<\/strong> est un personnage en orbite, naviguant de sph\u00e8re en sph\u00e8re esp\u00e9rant une meilleur\u00a0 relation avec le vivant. Performeuse, couturi\u00e8re, chef de chantier, hacktiviste, animatrice de l\u2019\u00e9ducation populaire, ma\u00e7on en terre crue, permaculturophile, iel fait des liens, tisse des trames, croise les chemins des questions qui le-la font vibrer: libert\u00e9, corps, sexualit\u00e9, autogestion, amour, sororit\u00e9, hack, ecof\u00e9minisme. <span style=\"color: #1e6a39\"><span style=\"font-size: medium\">Psychiatris\u00e9X, marginalis\u00e9X, handi, vieilleuX par l&#8217;esp\u00e8ce humaine, iel profite de ce statut particulier pour exp\u00e9rimenter un autre regard sur le monde.<\/span><\/span><\/p>\n<div><a href=\"https:\/\/pointpointpoint.org\/\" target=\"_blank\" rel=\"noopener noreferrer\" data-saferedirecturl=\"https:\/\/www.google.com\/url?q=https:\/\/pointpointpoint.org\/&amp;source=gmail&amp;ust=1583845409180000&amp;usg=AFQjCNG4xDPiwKclJN14mfuvZ7mFvLYwcg\">Pointpointpoint.org<\/a><\/div>\n<div>Hackmour et Amoureusit\u00e9*<\/div>\n<div><\/div>\n<p>&nbsp;<\/p>\n<div><\/div>\n<div><\/div>\n<\/div>\n","protected":false},"excerpt":{"rendered":"<p>Jack et Vx\u00a0 invitent toute sorte de micro-organismes et virus \u00e0 agr\u00e9menter leur symbiose, sur la toile et \u00e0 l&#8217;occasion d&#8217;exp\u00e9riences trans\u00e9sp\u00e8ces Jack\u00a0: \u00eatre incarn\u00e9.e, spontan\u00e9ment \u00e9cosexuel.le, comme nous toustes avant l\u2019\u00e9ducation \u00e0 la culture dissociative, c\u2019est \u00e0 dire l\u2019humanisation. Iel invite Vx et les individu.e.s snouff_consentantXs \u00e0 un autre rapport au vivant et \u00e0 &hellip; <\/p>\n<p class=\"link-more\"><a href=\"https:\/\/zoiahorn.anarchaserver.org\/holobionte\/les-micro-organismes-entraineuses\/\" class=\"more-link\">Continue reading<span class=\"screen-reader-text\"> &#8220;Les SnouffeurXses&#8221;<\/span><\/a><\/p>\n","protected":false},"author":13,"featured_media":0,"parent":0,"menu_order":0,"comment_status":"closed","ping_status":"closed","template":"","meta":{"footnotes":""},"class_list":["post-37","page","type-page","status-publish","hentry"],"_links":{"self":[{"href":"https:\/\/zoiahorn.anarchaserver.org\/holobionte\/wp-json\/wp\/v2\/pages\/37","targetHints":{"allow":["GET"]}}],"collection":[{"href":"https:\/\/zoiahorn.anarchaserver.org\/holobionte\/wp-json\/wp\/v2\/pages"}],"about":[{"href":"https:\/\/zoiahorn.anarchaserver.org\/holobionte\/wp-json\/wp\/v2\/types\/page"}],"author":[{"embeddable":true,"href":"https:\/\/zoiahorn.anarchaserver.org\/holobionte\/wp-json\/wp\/v2\/users\/13"}],"replies":[{"embeddable":true,"href":"https:\/\/zoiahorn.anarchaserver.org\/holobionte\/wp-json\/wp\/v2\/comments?post=37"}],"version-history":[{"count":17,"href":"https:\/\/zoiahorn.anarchaserver.org\/holobionte\/wp-json\/wp\/v2\/pages\/37\/revisions"}],"predecessor-version":[{"id":50,"href":"https:\/\/zoiahorn.anarchaserver.org\/holobionte\/wp-json\/wp\/v2\/pages\/37\/revisions\/50"}],"wp:attachment":[{"href":"https:\/\/zoiahorn.anarchaserver.org\/holobionte\/wp-json\/wp\/v2\/media?parent=37"}],"curies":[{"name":"wp","href":"https:\/\/api.w.org\/{rel}","templated":true}]}}