{"id":6,"date":"2020-03-09T13:55:51","date_gmt":"2020-03-09T13:55:51","guid":{"rendered":"https:\/\/zoiahorn.anarchaserver.org\/holobionte\/?page_id=6"},"modified":"2022-11-30T18:19:49","modified_gmt":"2022-11-30T18:19:49","slug":"presentation","status":"publish","type":"page","link":"https:\/\/zoiahorn.anarchaserver.org\/holobionte\/","title":{"rendered":"Pr\u00e9sentation"},"content":{"rendered":"<div>\n<div>\n<p align=\"justify\"><b> <\/b><span style=\"color: #1e6a39\"><span style=\"font-size: medium\">La <\/span><\/span><span style=\"color: #1e6a39\"><span style=\"font-size: medium\"><b>TruffeXlab<\/b><\/span><\/span><span style=\"color: #1e6a39\"><span style=\"font-size: medium\"> est un cocon trans_esp\u00e8ce dans lequel se d\u00e9veloppent, ensemble et r\u00e9ciproquement, les larves (<\/span><\/span><span style=\"color: #1e6a39\"><span style=\"font-size: medium\">Les Snouffeureuses<\/span><\/span><span style=\"color: #1e6a39\"><span style=\"font-size: medium\">?)\u00a0: Vaness\u2019_Vx <\/span><\/span><span style=\"color: #1e6a39\"><span style=\"font-size: medium\">et <\/span><\/span><span style=\"color: #1e6a39\"><span style=\"font-size: medium\">Jack (et occasionnellement Gigi\u00a0?). <\/span><\/span><span style=\"color: #1e6a39\"><span style=\"font-size: medium\">Ce cocon est ouvert, poreux et perm\u00e9able. Pr\u00e9texte d\u2019\u00e9change et de collaborations, il est la cellule ou l\u2019\u00e9volution vers l\u2019imago des Entit\u00e9s de la TruffeXlab est rendu possible via les symbioses, holobiontes, <\/span><\/span><span style=\"color: #1e6a39\"><span style=\"font-size: medium\">virus, <\/span><\/span><span style=\"color: #1e6a39\"><span style=\"font-size: medium\">meilloses\u2026 qu\u2019iels cr\u00e9ent <\/span><\/span><span style=\"color: #1e6a39\"><span style=\"font-size: medium\">dans<\/span><\/span><span style=\"color: #1e6a39\"><span style=\"font-size: medium\"> les lieux et <\/span><\/span><span style=\"color: #1e6a39\"><span style=\"font-size: medium\">avec <\/span><\/span><span style=\"color: #1e6a39\"><span style=\"font-size: medium\">d\u2019autres entit\u00e9s. <\/span><\/span><\/p>\n<p align=\"justify\"><span style=\"color: #1e6a39\"><span style=\"font-size: medium\"> La TruffeXlab est une exp\u00e9rience_recherche tentant de rendre sensible, au sens d\u2019\u00ab\u00a0<\/span><\/span><span style=\"color: #1e6a39\"><span style=\"font-size: medium\">en sentir la force\u00a0\u00bb<\/span><\/span><span style=\"color: #1e6a39\"><span style=\"font-size: medium\">, l\u2019ensemble des interactions, rencontres, actions, soins, habituellement invisibles, qui soutiennent le myc\u00e9lium de chaque actions et incarnations, <\/span><\/span><span style=\"color: #1e6a39\"><span style=\"font-size: medium\">individuelles et collectives<\/span><\/span><span style=\"color: #1e6a39\"><span style=\"font-size: medium\">.\u00a0<\/span><\/span><\/p>\n<p align=\"justify\"><span style=\"color: #1e6a39\"><span style=\"font-size: medium\">Nous partons<\/span><\/span><span style=\"color: #1e6a39\"><span style=\"font-size: medium\"> du principe que l<\/span><\/span><span style=\"color: #1e6a39\"><span style=\"font-size: medium\">\u2019identit\u00e9 humaine <\/span><\/span><span style=\"color: #1e6a39\"><span style=\"font-size: medium\">es<\/span><\/span><span style=\"color: #1e6a39\"><span style=\"font-size: medium\">t une imposture, une construction politique imposant un regard sur <\/span><\/span><span style=\"color: #1e6a39\"><span style=\"font-size: medium\">et une relation au<\/span><\/span><span style=\"color: #1e6a39\"><span style=\"font-size: medium\"> monde binaire, <\/span><\/span><span style=\"color: #1e6a39\"><span style=\"font-size: medium\">une grille de lecture format\u00e9e<\/span><\/span><span style=\"color: #1e6a39\"><span style=\"font-size: medium\"> e<\/span><\/span><span style=\"color: #1e6a39\"><span style=\"font-size: medium\">mprisonnant nos sensibilit\u00e9s et mat\u00e9rialit\u00e9s. <\/span><\/span><span style=\"color: #1e6a39\"><span style=\"font-size: medium\">Il s\u2019agit d\u2019<\/span><\/span><span style=\"color: #1e6a39\"><span style=\"font-size: medium\">une <\/span><\/span><span style=\"color: #1e6a39\"><span style=\"font-size: medium\">occasion<\/span><\/span><span style=\"color: #1e6a39\"><span style=\"font-size: medium\"> d\u2019<\/span><\/span><span style=\"color: #1e6a39\"><span style=\"font-size: medium\">exp\u00e9rimenter<\/span><\/span> <span style=\"color: #1e6a39\"><span style=\"font-size: medium\">de nouvelles fa\u00e7ons <\/span><\/span><span style=\"color: #1e6a39\"><span style=\"font-size: medium\">permaculturelles<\/span><\/span><span style=\"color: #1e6a39\"><span style=\"font-size: medium\"> d\u2019\u00eatre au monde, de s\u2019incarner,<\/span><\/span> <span style=\"color: #1e6a39\"><span style=\"font-size: medium\">d\u2019exister, de relationner, inspir\u00e9es par le <\/span><\/span><span style=\"color: #1e6a39\"><span style=\"font-size: medium\">non_humain. <\/span><\/span><span style=\"color: #1e6a39\"><span style=\"font-size: medium\">L\u2019\u00e9cosexualit\u00e9 \u00e9tant, entre autre, cette mani\u00e8re collaborative de s\u2019incarner, l\u2019hackmour de relationner. <\/span><\/span><\/p>\n<p align=\"justify\"><span style=\"color: #1e6a39\"><span style=\"font-size: medium\">La TruffeXlab interrogera les th\u00e8mes suivants\u00a0:<\/span><\/span><\/p>\n<p style=\"text-align: right\" align=\"justify\"><span style=\"color: #1e6a39\"><span style=\"font-size: medium\">\u00a0\u00a0\u00a0\u00a0\u00a0\u00a0\u00a0\u00a0\u00a0\u00a0\u00a0\u00a0\u00a0\u00a0 _ Hack et partage des savoirs. Transfert des donn\u00e9es. Symbiose<\/span><\/span><\/p>\n<p style=\"text-align: right\" align=\"justify\"><span style=\"color: #1e6a39\"><span style=\"font-size: medium\"> _ Affects, Liens, relations. Corps _ connaissance _ \u00e9change. <\/span><\/span><span style=\"color: #1e6a39\"><span style=\"font-size: medium\">S<\/span><\/span><span style=\"color: #1e6a39\"><span style=\"font-size: medium\">avoirs <\/span><\/span><span style=\"color: #1e6a39\"><span style=\"font-size: medium\">I<\/span><\/span><span style=\"color: #1e6a39\"><span style=\"font-size: medium\">ncarn\u00e9s. <\/span><\/span><span style=\"color: #1e6a39\"><span style=\"font-size: medium\">Auteuristes et parentalit\u00e9. <\/span><\/span><span style=\"color: #1e6a39\"><span style=\"font-size: medium\">Collectifs<\/span><\/span><\/p>\n<p style=\"text-align: right\" align=\"justify\"><span style=\"color: #1e6a39\"><span style=\"font-size: medium\"> _ Exister, <\/span><\/span><span style=\"color: #1e6a39\"><span style=\"font-size: medium\">r\u00e9sider, co_habiter<\/span><\/span><\/p>\n<p style=\"text-align: right\" align=\"justify\"><span style=\"color: #1e6a39\"><span style=\"font-size: medium\"> _ Ecosexualit\u00e9_ Hackmour et co_\u00e9volutions et co_incarnations<\/span><\/span><\/p>\n<p align=\"justify\"><span style=\"font-size: medium\"><span style=\"color: #1e6a39\"> Parmi nos prolif\u00e9rations \u00e9cosexuelles <\/span><span style=\"color: #1e6a39\">et hackmoureuses<\/span><span style=\"color: #1e6a39\">: son, \u00e9critures <\/span><span style=\"color: #1e6a39\">individuelles et <\/span><span style=\"color: #1e6a39\">collaboratives, vid\u00e9o, dessins, performances, sororit\u00e9 (pour de vrai), soin, <\/span><span style=\"color: #1e6a39\">maintenance art,<\/span><span style=\"color: #1e6a39\"> plateforme internet de partage d\u2019\u00e9change <\/span><span style=\"color: #1e6a39\">et mises en r\u00e9seau<\/span><span style=\"color: #1e6a39\">\u2026<\/span><\/span><\/p>\n<p align=\"justify\"><span style=\"color: #1e6a39\"><span style=\"font-size: medium\">Cueillir plut\u00f4t que vouloir\u00a0\u00a0\u00a0\u00a0\u00a0\u00a0\u00a0\u00a0\u00a0\u00a0\u00a0\u00a0\u00a0\u00a0\u00a0\u00a0\u00a0\u00a0\u00a0\u00a0\u00a0\u00a0\u00a0\u00a0\u00a0\u00a0\u00a0\u00a0\u00a0\u00a0\u00a0\u00a0\u00a0\u00a0\u00a0\u00a0\u00a0\u00a0\u00a0\u00a0\u00a0\u00a0\u00a0\u00a0\u00a0\u00a0\u00a0\u00a0\u00a0\u00a0\u00a0\u00a0\u00a0\u00a0\u00a0\u00a0\u00a0\u00a0\u00a0\u00a0\u00a0\u00a0\u00a0\u00a0\u00a0\u00a0\u00a0\u00a0\u00a0\u00a0\u00a0\u00a0\u00a0\u00a0\u00a0\u00a0\u00a0\u00a0\u00a0\u00a0\u00a0\u00a0\u00a0\u00a0\u00a0\u00a0\u00a0\u00a0\u00a0\u00a0\u00a0\u00a0\u00a0\u00a0\u00a0\u00a0\u00a0\u00a0 <\/span><\/span><span style=\"color: #1e6a39\"><span style=\"font-size: medium\">Conna\u00eetre \/ savoir\u00a0\u00a0\u00a0\u00a0\u00a0\u00a0\u00a0\u00a0\u00a0\u00a0\u00a0\u00a0\u00a0\u00a0\u00a0\u00a0\u00a0\u00a0\u00a0\u00a0\u00a0\u00a0\u00a0\u00a0\u00a0\u00a0\u00a0\u00a0\u00a0\u00a0\u00a0\u00a0\u00a0\u00a0\u00a0\u00a0\u00a0\u00a0\u00a0\u00a0\u00a0\u00a0\u00a0\u00a0\u00a0\u00a0\u00a0\u00a0\u00a0\u00a0\u00a0\u00a0\u00a0\u00a0\u00a0\u00a0\u00a0\u00a0\u00a0\u00a0\u00a0\u00a0\u00a0\u00a0\u00a0\u00a0\u00a0\u00a0\u00a0\u00a0\u00a0\u00a0\u00a0\u00a0\u00a0\u00a0\u00a0\u00a0\u00a0\u00a0\u00a0\u00a0\u00a0\u00a0\u00a0\u00a0\u00a0\u00a0\u00a0\u00a0\u00a0 <\/span><\/span><span style=\"color: #1e6a39\"><span style=\"font-size: medium\">Inter_d\u00e9pendance \/ co _ d\u00e9pendance\u00a0\u00a0\u00a0\u00a0\u00a0\u00a0\u00a0\u00a0\u00a0\u00a0\u00a0\u00a0\u00a0\u00a0\u00a0\u00a0\u00a0\u00a0\u00a0\u00a0\u00a0\u00a0\u00a0\u00a0\u00a0\u00a0\u00a0\u00a0\u00a0\u00a0\u00a0\u00a0\u00a0\u00a0\u00a0\u00a0\u00a0\u00a0\u00a0\u00a0\u00a0\u00a0\u00a0\u00a0\u00a0\u00a0\u00a0\u00a0\u00a0 \u00a0 \u00a0 \u00a0 \u00a0 \u00a0 \u00a0 \u00a0 \u00a0\u00a0 \u00a0\u00a0\u00a0\u00a0\u00a0\u00a0\u00a0\u00a0\u00a0 <\/span><\/span><span style=\"color: #1e6a39\"><span style=\"font-size: medium\">Relier\/ Individuel_collectif\u00a0\u00a0\u00a0\u00a0\u00a0\u00a0\u00a0\u00a0\u00a0\u00a0\u00a0\u00a0\u00a0\u00a0\u00a0\u00a0\u00a0\u00a0\u00a0\u00a0\u00a0\u00a0\u00a0\u00a0\u00a0\u00a0\u00a0\u00a0\u00a0\u00a0\u00a0\u00a0\u00a0\u00a0\u00a0\u00a0\u00a0\u00a0\u00a0\u00a0\u00a0\u00a0\u00a0\u00a0\u00a0\u00a0\u00a0\u00a0\u00a0\u00a0\u00a0\u00a0\u00a0\u00a0\u00a0\u00a0\u00a0\u00a0\u00a0\u00a0\u00a0\u00a0\u00a0\u00a0\u00a0\u00a0\u00a0\u00a0\u00a0\u00a0\u00a0\u00a0\u00a0\u00a0\u00a0\u00a0\u00a0\u00a0\u00a0\u00a0\u00a0\u00a0\u00a0\u00a0\u00a0\u00a0\u00a0\u00a0\u00a0\u00a0\u00a0\u00a0\u00a0 <\/span><\/span><span style=\"color: #1e6a39\"><span style=\"font-size: medium\">Ouvrages, incarnations, r\u00e9alisations \/ Public\/priv\u00e9\u00a0; Loisir_domesticit\u00e9\/travail<\/span><\/span><\/p>\n<\/div>\n<\/div>\n<div><\/div>\n<p>&nbsp;<\/p>\n<div>Vous \u00eates toustes invit\u00e9.e*s \u00e0 augmenter cet organisme vivant de vos travaux, r\u00e9flexions, outils,&#8230;<\/div>\n<div><\/div>\n<p>&nbsp;<\/p>\n<div>Pour nous contacter:<\/div>\n<div>\n<div><\/div>\n<\/div>\n","protected":false},"excerpt":{"rendered":"<p>La TruffeXlab est un cocon trans_esp\u00e8ce dans lequel se d\u00e9veloppent, ensemble et r\u00e9ciproquement, les larves (Les Snouffeureuses?)\u00a0: Vaness\u2019_Vx et Jack (et occasionnellement Gigi\u00a0?). Ce cocon est ouvert, poreux et perm\u00e9able. Pr\u00e9texte d\u2019\u00e9change et de collaborations, il est la cellule ou l\u2019\u00e9volution vers l\u2019imago des Entit\u00e9s de la TruffeXlab est rendu possible via les symbioses, holobiontes, &hellip; <\/p>\n<p class=\"link-more\"><a href=\"https:\/\/zoiahorn.anarchaserver.org\/holobionte\/\" class=\"more-link\">Continue reading<span class=\"screen-reader-text\"> &#8220;Pr\u00e9sentation&#8221;<\/span><\/a><\/p>\n","protected":false},"author":13,"featured_media":0,"parent":0,"menu_order":0,"comment_status":"closed","ping_status":"closed","template":"","meta":{"footnotes":""},"class_list":["post-6","page","type-page","status-publish","hentry"],"_links":{"self":[{"href":"https:\/\/zoiahorn.anarchaserver.org\/holobionte\/wp-json\/wp\/v2\/pages\/6","targetHints":{"allow":["GET"]}}],"collection":[{"href":"https:\/\/zoiahorn.anarchaserver.org\/holobionte\/wp-json\/wp\/v2\/pages"}],"about":[{"href":"https:\/\/zoiahorn.anarchaserver.org\/holobionte\/wp-json\/wp\/v2\/types\/page"}],"author":[{"embeddable":true,"href":"https:\/\/zoiahorn.anarchaserver.org\/holobionte\/wp-json\/wp\/v2\/users\/13"}],"replies":[{"embeddable":true,"href":"https:\/\/zoiahorn.anarchaserver.org\/holobionte\/wp-json\/wp\/v2\/comments?post=6"}],"version-history":[{"count":25,"href":"https:\/\/zoiahorn.anarchaserver.org\/holobionte\/wp-json\/wp\/v2\/pages\/6\/revisions"}],"predecessor-version":[{"id":123,"href":"https:\/\/zoiahorn.anarchaserver.org\/holobionte\/wp-json\/wp\/v2\/pages\/6\/revisions\/123"}],"wp:attachment":[{"href":"https:\/\/zoiahorn.anarchaserver.org\/holobionte\/wp-json\/wp\/v2\/media?parent=6"}],"curies":[{"name":"wp","href":"https:\/\/api.w.org\/{rel}","templated":true}]}}