{"id":28,"date":"2019-07-07T20:35:28","date_gmt":"2019-07-07T20:35:28","guid":{"rendered":"https:\/\/zoiahorn.anarchaserver.org\/misexualidad\/?page_id=28"},"modified":"2019-07-07T20:53:25","modified_gmt":"2019-07-07T20:53:25","slug":"sinopsis","status":"publish","type":"page","link":"https:\/\/zoiahorn.anarchaserver.org\/misexualidad\/sinopsis\/","title":{"rendered":"Sinopsis"},"content":{"rendered":"<p align=\"justify\"><span style=\"color: #000000\"><span style=\"font-family: Arial Narrow, sans-serif\"><span style=\"font-size: small\"><img loading=\"lazy\" decoding=\"async\" class=\"alignnone  wp-image-31\" src=\"https:\/\/zoiahorn.anarchaserver.org\/misexualidad\/wp-content\/uploads\/sites\/6\/2019\/07\/pp05-300x225.jpg\" alt=\"\" width=\"579\" height=\"434\" srcset=\"https:\/\/zoiahorn.anarchaserver.org\/misexualidad\/wp-content\/uploads\/sites\/6\/2019\/07\/pp05-300x225.jpg 300w, https:\/\/zoiahorn.anarchaserver.org\/misexualidad\/wp-content\/uploads\/sites\/6\/2019\/07\/pp05-768x575.jpg 768w, https:\/\/zoiahorn.anarchaserver.org\/misexualidad\/wp-content\/uploads\/sites\/6\/2019\/07\/pp05-1024x767.jpg 1024w\" sizes=\"auto, (max-width: 579px) 100vw, 579px\" \/><\/span><\/span><\/span><\/p>\n<p align=\"justify\"><span style=\"color: #000000\"><span style=\"font-family: Arial Narrow, sans-serif\"><span style=\"font-size: small\">El postporno, que surgi\u00f3 en los 90&#8217;s de la mano de Annie Sprinkle como respuesta a la pornograf\u00eda dominante y su representaci\u00f3n incompleta y utilitaria de la sexualidad de la mujer, se viene desarrollando con intensidad desde el a\u00f1o 2000 en Barcelona.<\/span><\/span><\/span><\/p>\n<p align=\"justify\"><span style=\"color: #000000\"><span style=\"font-family: Arial Narrow, sans-serif\"><span style=\"font-size: small\">El documental &#8220;Mi sexualidad es una creaci\u00f3n art\u00edstica&#8221; da cuenta de las personas y colectivos que trabajan y crean el postporno actualmente en esta ciudad. A partir de 7 entrevistas se realiza un recorrido que pretende desvelar las causas, motivaciones y peculiaridades de esta escena, donde la b\u00fasqueda por construir otras formas de representaci\u00f3n de la sexualidad se visibiliza en un resultado donde arte y activismo pol\u00edtico son imposibles de separar.<\/span><\/span><\/span><\/p>\n<p><span style=\"color: #000000\"><span style=\"font-family: Arial Narrow, sans-serif\"><span style=\"font-size: small\">&#8220;Mi sexualidad es una creaci\u00f3n art\u00edstica&#8221; es un documental que funciona como cartograf\u00eda ilustrada con videos postporno Do It Yourself, documentaci\u00f3n de performances e intervenciones en el espacio p\u00fablico.<\/span><\/span><\/span><\/p>\n","protected":false},"excerpt":{"rendered":"<p>El postporno, que surgi\u00f3 en los 90&#8217;s de la mano de Annie Sprinkle como respuesta a la pornograf\u00eda dominante y su representaci\u00f3n incompleta y utilitaria de la sexualidad de la mujer, se viene desarrollando con intensidad desde el a\u00f1o 2000 en Barcelona. El documental &#8220;Mi sexualidad es una creaci\u00f3n art\u00edstica&#8221; da cuenta de las personas &hellip; <\/p>\n<p class=\"link-more\"><a href=\"https:\/\/zoiahorn.anarchaserver.org\/misexualidad\/sinopsis\/\" class=\"more-link\">Continue reading<span class=\"screen-reader-text\"> &#8220;Sinopsis&#8221;<\/span><\/a><\/p>\n","protected":false},"author":7,"featured_media":0,"parent":0,"menu_order":0,"comment_status":"closed","ping_status":"closed","template":"","meta":{"footnotes":""},"class_list":["post-28","page","type-page","status-publish","hentry"],"_links":{"self":[{"href":"https:\/\/zoiahorn.anarchaserver.org\/misexualidad\/wp-json\/wp\/v2\/pages\/28","targetHints":{"allow":["GET"]}}],"collection":[{"href":"https:\/\/zoiahorn.anarchaserver.org\/misexualidad\/wp-json\/wp\/v2\/pages"}],"about":[{"href":"https:\/\/zoiahorn.anarchaserver.org\/misexualidad\/wp-json\/wp\/v2\/types\/page"}],"author":[{"embeddable":true,"href":"https:\/\/zoiahorn.anarchaserver.org\/misexualidad\/wp-json\/wp\/v2\/users\/7"}],"replies":[{"embeddable":true,"href":"https:\/\/zoiahorn.anarchaserver.org\/misexualidad\/wp-json\/wp\/v2\/comments?post=28"}],"version-history":[{"count":2,"href":"https:\/\/zoiahorn.anarchaserver.org\/misexualidad\/wp-json\/wp\/v2\/pages\/28\/revisions"}],"predecessor-version":[{"id":46,"href":"https:\/\/zoiahorn.anarchaserver.org\/misexualidad\/wp-json\/wp\/v2\/pages\/28\/revisions\/46"}],"wp:attachment":[{"href":"https:\/\/zoiahorn.anarchaserver.org\/misexualidad\/wp-json\/wp\/v2\/media?parent=28"}],"curies":[{"name":"wp","href":"https:\/\/api.w.org\/{rel}","templated":true}]}}