{"id":152,"date":"2022-04-13T00:54:43","date_gmt":"2022-04-13T00:54:43","guid":{"rendered":"https:\/\/zoiahorn.anarchaserver.org\/thf2022\/?page_id=152"},"modified":"2022-06-14T21:03:25","modified_gmt":"2022-06-14T21:03:25","slug":"call4nodes-thf","status":"publish","type":"page","link":"https:\/\/zoiahorn.anarchaserver.org\/thf2022\/call4nodes-thf\/","title":{"rendered":"Call4Nodes THF"},"content":{"rendered":"<p><a href=\"#ENG\"><img loading=\"lazy\" decoding=\"async\" class=\"alignright size-full wp-image-163\" src=\"https:\/\/zoiahorn.anarchaserver.org\/thf2022\/wp-content\/uploads\/sites\/10\/2022\/03\/EzLmdCGVUAMl2AL.jpeg\" alt=\"\" width=\"1750\" height=\"1307\" \/><\/a><\/p>\n<p><a href=\"#ENG\">ENG<\/a> &#8211; <a href=\"#FR\">FR<\/a> &#8211; <a href=\"#IT\">IT<\/a><\/p>\n<p><span style=\"color: #993366;\">El call4nodes queda abierto <strong>hasta el pr\u00f3ximo 3 de julio.<\/strong> No dejen de mandar propuestas y sugerencias de charlas, talleres y performances, las vamos publicando sobre la marcha en el blog del evento.<\/span><\/p>\n<hr \/>\n<p>Invitamos a presentar propuestas relacionadas con la Infraestructura Feminista. Estamos interesadas en propuestas que presenten proyectos que existen para compartir acerca de su desarrollo y mantenimiento, as\u00ed como proyectos en desarrollo que buscan darse a conocer y encontrar alianzas.<\/p>\n<p>Las actividades pueden ser talleres y laboratorios pr\u00e1cticos en los cuales las participantes comparten haciendo y poniendo en pr\u00e1ctica, as\u00ed como charlas o conferencias en las cuales se comparten conocimientos m\u00e1s te\u00f3ricos, as\u00ed como pueden ser acciones performativas como teatro, paseos, conciertos, perfos etc.<\/p>\n<p>Algunas de las sub-tematicas que nos interesan para la propuesta est\u00e1n listadas aqu\u00ed pero las propuestas sobre infraestructura feminista no est\u00e1n limitadas solo a estos temas:<\/p>\n<ul>\n<li>Construcci\u00f3n de espacios seguros<\/li>\n<li>Lineas de atencion (helplines)<\/li>\n<li>Redes de apoyo y solidaridad<\/li>\n<li>Hacklabs\/fablabs\/biolabs feministas<\/li>\n<li>Radios feministas<\/li>\n<li>Servidores, AI, bots y protocolos de internet feministas<\/li>\n<li>Procesos de justicia restaurativos<\/li>\n<li>Juegos cr\u00edticos y queer<\/li>\n<li>Ciencia ficci\u00f3n, ficci\u00f3n especulativa y futurotop\u00edas feministas<\/li>\n<li>Bibliotecas, archivos y fanzines feministas<\/li>\n<li>Herramientas de documentaci\u00f3n y memoria, enciclopedias, HerStories<\/li>\n<li>Recursos de autodefensa, seguridad digital y f\u00edsica con perspectiva feminista<\/li>\n<li>Huertos permaculturales y jardines de plantas<\/li>\n<li>Ecosistemas y solidaridad interespecies<\/li>\n<li>Hechizos y rituales<\/li>\n<li>T\u00e9cnicas para la vida<\/li>\n<li>Defensa del territorio<\/li>\n<li>Otras (por favor detalla)<\/li>\n<\/ul>\n<p><a href=\"https:\/\/transitional.anarchaserver.org\/cloud\/apps\/forms\/RY6d7H84FpBnY838\">Puedes proponer una actividad durante el THF en este enlace<\/a>. Si propones una actividad\/taller <a href=\"https:\/\/transitional.anarchaserver.org\/cloud\/apps\/forms\/nQd2LbjatC7xsCff\">recuerda tambi\u00e9n de registrarte en el evento<\/a> para que podamos planear la agenda, las comidas y los\u00a0 espacios para dormir. Muchas gracias!<\/p>\n<hr \/>\n<p><strong id=\"ENG\">ENGLISH<\/strong><\/p>\n<p><span style=\"color: #993366;\">The\u00a0 call4nodes is open until July 3. Do not hesitate to send proposals and suggestions for talks, workshops and performances. We will publish them as we go along in the event&#8217;s blog.<\/span><\/p>\n<hr \/>\n<p>We invite proposals related to Feminist Infrastructure. We are interested in proposals that present existing projects in order to share their development and maintenance, as well as projects under development that seek to make themselves known and find collaboration and support.<\/p>\n<p>The activities can be workshops and practical laboratories in which participants share by doing and putting into practice, as well as talks or conferences in which more theoretical knowledge is shared, as well as performative actions such as theatre, walks, concerts, performances, screenings etc. Some of the sub-themes we are interested in for the proposal are listed below but are not limited only to these themes:<\/p>\n<ul>\n<li>Building safe spaces<\/li>\n<li>Helplines<\/li>\n<li>Support and solidarity networks<\/li>\n<li>Feminist hacklabs\/fablabs\/biolabs<\/li>\n<li>Feminist radio stations<\/li>\n<li>Feminist servers, AI, bots and internet protocols<\/li>\n<li>Restorative justice processes<\/li>\n<li>Feminist science fiction, speculative fiction and feminist futurotopias<\/li>\n<li>Feminist libraries, archives and fanzines<\/li>\n<li>Documentation and memory tools, encyclopaedias, HerStories<\/li>\n<li>Self-defence, digital and physical security resources with a feminist perspective<\/li>\n<li>Permacultural gardens and plant gardens<\/li>\n<li>Ecosystems and interspecies solidarity<\/li>\n<li>Spells and rituals<\/li>\n<li>Techniques for life<\/li>\n<li>Land defending<\/li>\n<li>Others (please detail)<\/li>\n<\/ul>\n<p><a href=\"https:\/\/transitional.anarchaserver.org\/cloud\/apps\/forms\/RY6d7H84FpBnY838\">You can propose an activity during the THF by clicking on this link<\/a>. If you propose an activity\/workshop, please also <a href=\"https:\/\/transitional.anarchaserver.org\/cloud\/apps\/forms\/nQd2LbjatC7xsCff\">remember to register for the event<\/a> so that we can plan the agenda, meals and sleeping spaces. Thank you very much!<\/p>\n<hr \/>\n<p><strong id=\"FR\">FRENCH<\/strong><\/p>\n<p><span style=\"color: #993366;\">L&#8217;appel \u00e0 propositions est ouvert jusqu&#8217;au 3 juillet. N&#8217;h\u00e9sitez pas d&#8217;envoyer des propositions et des suggestions de conf\u00e9rences, d&#8217;ateliers et de spectacles, nous les publierons au fur et \u00e0 mesure sur le blog de l&#8217;\u00e9v\u00e9nement.<\/span><\/p>\n<hr \/>\n<p>Nous invitons \u00e0 pr\u00e9senter des propositions en relations avec l&#8217;Infrastructure F\u00e9ministe. Nous sommes int\u00e9ress\u00e9s par les initiatives qui pr\u00e9sentent des projets existants afin de partager sur leur d\u00e9veloppement et leur maintenance, ainsi que par les projets en cours de d\u00e9veloppement qui cherchent \u00e0 se faire conna\u00eetre et \u00e0 trouver des alliances.<\/p>\n<p>Les activit\u00e9s peuvent \u00eatre des ateliers et laboratoires pratiques au sein desquels les participant.e.s partagent en faisant et en mettant en pratique, ainsi que sous la forme de discussions et conf\u00e9rences durant lesquelles s&#8217;\u00e9changent des savoirs plus th\u00e9oriques, cela peut \u00eatre \u00e9galement \u00eatre des actions performatives comme le th\u00e9\u00e2tre, la danse, les concerts, performances etc&#8230;<\/p>\n<p>Nous avons list\u00e9 ici quelques unes des sous th\u00e9matiques qui nous int\u00e9ressent, mais les propositions sur les infractructures f\u00e9ministes ne sont pas limit\u00e9es seulement \u00e0 ces th\u00e8mes:<\/p>\n<ul>\n<li>Construction d&#8217;espace s\u00fbrs (safe space)<\/li>\n<li>Lignes d&#8217;assistance t\u00e9l\u00e9phonique (helplines)<\/li>\n<li>R\u00e9seaux de soutien et de solidarit\u00e9<\/li>\n<li>Hacklabs f\u00e9ministes\/fablabs\/biolabs<\/li>\n<li>Stations de radio f\u00e9ministes<\/li>\n<li>Serveurs f\u00e9ministes, IA, bots et protocoles internet<\/li>\n<li>Jeux ( vid\u00e9o mais pas que) queers et critiques<\/li>\n<li>Processus de justice r\u00e9paratrice<\/li>\n<li>Science-fiction f\u00e9ministe, fiction sp\u00e9culative et futurotopies f\u00e9ministes<\/li>\n<li>Biblioth\u00e8ques, archives et fanzines f\u00e9ministes<\/li>\n<li>Outils de documentation et de m\u00e9moire, encyclop\u00e9dies, HerStories<\/li>\n<li>Ressources d&#8217;autod\u00e9fense, de s\u00e9curit\u00e9 num\u00e9rique et physique dans une perspective f\u00e9ministe<\/li>\n<li>Permaculture et jardins de plantes<\/li>\n<li>Ecosyst\u00e8mes et solidarit\u00e9 inter-esp\u00e8ces<\/li>\n<li>Sorts et rituels<\/li>\n<li>Techniques de vie quotidienne, techiniques pour la vie<\/li>\n<li>D\u00e9fense du territoire<\/li>\n<li>Autres ( d\u00e9taillez svp )<\/li>\n<\/ul>\n<p><a href=\"https:\/\/transitional.anarchaserver.org\/cloud\/apps\/forms\/RY6d7H84FpBnY838\">Vous pouvez proposer une activit\u00e9 pendant le THF en cliquant sur ce lien<\/a>. Si vous proposez une activit\u00e9\/atelier, <a href=\"https:\/\/transitional.anarchaserver.org\/cloud\/apps\/forms\/nQd2LbjatC7xsCff\">n&#8217;oubliez pas de vous inscrire \u00e0 l&#8217;\u00e9v\u00e9nement<\/a> afin que nous puissions planifier le programme, les repas et les espaces de couchage. Merci beaucoup !<\/p>\n<hr \/>\n<p><strong id=\"IT\">ITALIANO<\/strong><\/p>\n<p><span style=\"color: #993366;\"> La call4nodes rimarr\u00e0 aperta fino al 3 luglio. Non smettete di inviare proposte e suggerimenti per interventi, workshop e spettacoli: li pubblicheremo man mano sul blog dell&#8217;evento.<\/span><\/p>\n<hr \/>\n<p>Invitiamo a presentare proposte relative a Infrastruttura femminista. Siamo interessati a proposte che presentino progetti esistenti da condividere sul loro sviluppo e mantenimento, cos\u00ec come progetti in fase di sviluppo che cercano di farsi conoscere e trovare partenariati.<\/p>\n<p>Le attivit\u00e0 possono essere workshop e laboratori pratici in cui i partecipanti condividono facendo e mettendo in pratica, cos\u00ec come discorsi o conferenze in cui si condividono conoscenze pi\u00f9 teoriche, cos\u00ec come azioni performative come teatro, passeggiate, concerti, spettacoli, ecc.<\/p>\n<p>Alcuni dei sottotemi che ci interessano per la proposta sono elencati qui, ma le proposte sulle infrastrutture femministe non sono limitate a questi temi:<\/p>\n<p>Costruire spazi sicuri<br \/>\nHelplines (linee di assistenza)<br \/>\nReti di sostegno e solidariet\u00e0<br \/>\nHacklabs\/fablabs\/biolabs femminista<br \/>\nStazioni radio femministe<br \/>\nServer femministi, AI, bot e protocolli internet<br \/>\nProcessi di giustizia riparativa<br \/>\nGiochi critici e queer<br \/>\nFantascienza femminista, narrativa speculativa e futurotopie femministe<br \/>\nBiblioteche, archivi e fanzine femministe<br \/>\nStrumenti di documentazione e memoria, enciclopedie, HerStories<br \/>\nRisorse di autodifesa, sicurezza digitale e fisica con una prospettiva femminista<br \/>\nFrutteti e giardini di piante permaculturali<br \/>\nEcosistemi e solidariet\u00e0 interspecie<br \/>\nIncantesimi e rituali<br \/>\nTecniche per la vita<br \/>\nDifesa territoriale<br \/>\nAltro (si prega di specificare)<\/p>\n<p>Puoi proporre <a href=\"https:\/\/transitional.anarchaserver.org\/cloud\/apps\/forms\/RY6d7H84FpBnY838\">un&#8217;attivit\u00e0 durante il THF cliccando su questo link.<\/a> Se proponete un&#8217;attivit\u00e0\/laboratorio, <a href=\"https:\/\/transitional.anarchaserver.org\/cloud\/apps\/forms\/nQd2LbjatC7xsCff\">ricordatevi anche di registrarvi per l&#8217;evento<\/a> in modo che possiamo pianificare l&#8217;agenda, i pasti e la sistemazione per la notte. Grazie mille!<\/p>\n<p>&nbsp;<\/p>\n","protected":false},"excerpt":{"rendered":"<p>ENG &#8211; FR &#8211; IT El call4nodes queda abierto hasta el pr\u00f3ximo 3 de julio. No dejen de mandar propuestas y sugerencias de charlas, talleres y performances, las vamos publicando sobre la marcha en el blog del evento. Invitamos a presentar propuestas relacionadas con la Infraestructura Feminista. Estamos interesadas en propuestas que presenten proyectos que &hellip; <\/p>\n<p class=\"link-more\"><a href=\"https:\/\/zoiahorn.anarchaserver.org\/thf2022\/call4nodes-thf\/\" class=\"more-link\">Continue reading<span class=\"screen-reader-text\"> &#8220;Call4Nodes THF&#8221;<\/span><\/a><\/p>\n","protected":false},"author":2,"featured_media":0,"parent":0,"menu_order":30,"comment_status":"closed","ping_status":"closed","template":"","meta":{"footnotes":""},"class_list":["post-152","page","type-page","status-publish","hentry"],"_links":{"self":[{"href":"https:\/\/zoiahorn.anarchaserver.org\/thf2022\/wp-json\/wp\/v2\/pages\/152","targetHints":{"allow":["GET"]}}],"collection":[{"href":"https:\/\/zoiahorn.anarchaserver.org\/thf2022\/wp-json\/wp\/v2\/pages"}],"about":[{"href":"https:\/\/zoiahorn.anarchaserver.org\/thf2022\/wp-json\/wp\/v2\/types\/page"}],"author":[{"embeddable":true,"href":"https:\/\/zoiahorn.anarchaserver.org\/thf2022\/wp-json\/wp\/v2\/users\/2"}],"replies":[{"embeddable":true,"href":"https:\/\/zoiahorn.anarchaserver.org\/thf2022\/wp-json\/wp\/v2\/comments?post=152"}],"version-history":[{"count":17,"href":"https:\/\/zoiahorn.anarchaserver.org\/thf2022\/wp-json\/wp\/v2\/pages\/152\/revisions"}],"predecessor-version":[{"id":353,"href":"https:\/\/zoiahorn.anarchaserver.org\/thf2022\/wp-json\/wp\/v2\/pages\/152\/revisions\/353"}],"wp:attachment":[{"href":"https:\/\/zoiahorn.anarchaserver.org\/thf2022\/wp-json\/wp\/v2\/media?parent=152"}],"curies":[{"name":"wp","href":"https:\/\/api.w.org\/{rel}","templated":true}]}}