{"id":179,"date":"2022-04-13T00:43:13","date_gmt":"2022-04-13T00:43:13","guid":{"rendered":"https:\/\/zoiahorn.anarchaserver.org\/thf2022\/?page_id=179"},"modified":"2022-06-14T20:50:24","modified_gmt":"2022-06-14T20:50:24","slug":"registrate-register-to-the-thf","status":"publish","type":"page","link":"https:\/\/zoiahorn.anarchaserver.org\/thf2022\/registrate-register-to-the-thf\/","title":{"rendered":"Registrate \/ Register to the THF"},"content":{"rendered":"<p><img loading=\"lazy\" decoding=\"async\" class=\"alignnone size-full wp-image-172\" src=\"https:\/\/zoiahorn.anarchaserver.org\/thf2022\/wp-content\/uploads\/sites\/10\/2022\/04\/DQDNrCsW0AARlZJ.jpg\" alt=\"\" width=\"540\" height=\"630\" \/><\/p>\n<p><a href=\"#ENG\">ENG<\/a> &#8211; <a href=\"#FR\">FR<\/a> &#8211; <a href=\"#IT\">IT<\/a><\/p>\n<p><span style=\"color: #ff00ff;\"><strong>11th June:\u00a0 Hemos cerrado el registro \/ We have closed the registration form <a href=\"https:\/\/zoiahorn.anarchaserver.org\/thf2022\/2022\/06\/11\/info-registro-call4nodes\/\">(+info aqui)<\/a><\/strong><\/span><\/p>\n<p>Para poder organizar la compra de comida, los espacios para el alojamiento, limitar asistencia a 130 participantes max, organizar los espacios y la agenda, necesitamos que te registres online antes del evento. <a href=\"https:\/\/transitional.anarchaserver.org\/cloud\/apps\/forms\/nQd2LbjatC7xsCff\">Puedes hacerlo aqu\u00ed.<\/a><\/p>\n<p>Si despu\u00e9s de registrarte, hubiera alg\u00fan cambio en tus fechas o necesidades, por favor escr\u00edbenos a esta direcci\u00f3n de correo electr\u00f3nico para avisarnos: THF2022<a class=\"gmail-bp-suggestions-mention\" href=\"https:\/\/noblogs.org\/members\/subeltz%40riseup.net\/\" rel=\"nofollow\" data-cke-saved-href=\"https:\/\/noblogs.org\/members\/subeltz%40riseup.net\/\">@riseup.net<\/a><\/p>\n<p>Si tienes otras dudas o preguntas, lee el <a href=\"https:\/\/zoiahorn.anarchaserver.org\/thf2022\/faq-how-to\/\">FAQ\/HowTo<\/a> antes de escribirnos. Recuerda que este es un evento autogestionado, todas participamos de manera voluntaria en su organizaci\u00f3n, ten paciencia si tardamos en contestarte, muchas gracias!<\/p>\n<hr \/>\n<p><strong id=\"ENG\">ENGLISH<\/strong><\/p>\n<p>In order to organize the purchase of food, accommodation spaces, limit attendance to 130 participants max, organize the spaces and the agenda, we need you to register online before the event. <a href=\"https:\/\/transitional.anarchaserver.org\/cloud\/apps\/forms\/nQd2LbjatC7xsCff\">You can do it here.<\/a><\/p>\n<p>If after registering, there are any changes in your dates or needs, please write to us at this email address to let us know: THF2022@riseup.net<\/p>\n<p>If you have any other doubts or questions, <a href=\"https:\/\/zoiahorn.anarchaserver.org\/thf2022\/faq-how-to\/\">please read the FAQ\/HowTo<\/a> before writing to us. Remember that this is a self-managed event, we all participate voluntarily in its organization, so please be patient if it takes us a while to get back to you, thank you very much!<\/p>\n<hr \/>\n<p><strong id=\"FR\">FRANCAIS<\/strong><\/p>\n<p>Afin d&#8217;organiser l&#8217;achat de nourriture, les espaces d&#8217;h\u00e9bergement, de limiter la participation \u00e0 130 participants maximum, d&#8217;organiser les espaces et l&#8217;agenda, nous avons besoin que vous vous inscriviez en ligne avant l&#8217;\u00e9v\u00e9nement. <a href=\"https:\/\/transitional.anarchaserver.org\/cloud\/apps\/forms\/nQd2LbjatC7xsCff\">Vous pouvez le faire ici.<\/a><\/p>\n<p>Si, apr\u00e8s l&#8217;inscription, il y a des changements dans vos dates ou vos besoins, veuillez nous \u00e9crire \u00e0 l&#8217;adresse \u00e9lectronique suivante pour nous en informer : THF2022@riseup.net.<\/p>\n<p>Si vous avez d&#8217;autres doutes ou questions, <a href=\"https:\/\/zoiahorn.anarchaserver.org\/thf2022\/faq-how-to\/\">veuillez lire la FAQ\/HowTo<\/a> avant de nous \u00e9crire. N&#8217;oubliez pas qu&#8217;il s&#8217;agit d&#8217;un \u00e9v\u00e9nement auto-organis\u00e9, nous participons tout.e.s volontairement \u00e0 son organisation, alors soyez patient.e.s si nous mettons du temps \u00e0 vous r\u00e9pondre, merci beaucoup !<\/p>\n<hr \/>\n<p><strong id=\"IT\">ITALIANO<\/strong><\/p>\n<p>Per poter organizzare l&#8217;acquisto del cibo, gli spazi di alloggio, limitare l&#8217;affluenza a 130 partecipanti al massimo, organizzare gli spazi e l&#8217;agenda, abbiamo bisogno che vi registriate online prima dell&#8217;evento. <a href=\"https:\/\/transitional.anarchaserver.org\/cloud\/apps\/forms\/nQd2LbjatC7xsCff\">Potete farlo qui.<\/a><\/p>\n<p>Se dopo la registrazione, ci sono dei cambiamenti nelle vostre date o necessit\u00e0, vi preghiamo di scriverci a questo indirizzo email per farcelo sapere: THF2022@riseup.net<\/p>\n<p>Se hai altri dubbi o domande, <a href=\"https:\/\/zoiahorn.anarchaserver.org\/thf2022\/faq-how-to\/\">leggi le FAQ\/HowTo prima di scriverci.<\/a> Ricordate che questo \u00e8 un evento auto-organizzato, tutti noi partecipiamo volontariamente alla sua organizzazione, quindi siate pazienti se ci mettiamo un po&#8217; a rispondere, grazie mille!<\/p>\n","protected":false},"excerpt":{"rendered":"<p>ENG &#8211; FR &#8211; IT 11th June:\u00a0 Hemos cerrado el registro \/ We have closed the registration form (+info aqui) Para poder organizar la compra de comida, los espacios para el alojamiento, limitar asistencia a 130 participantes max, organizar los espacios y la agenda, necesitamos que te registres online antes del evento. Puedes hacerlo aqu\u00ed. &hellip; <\/p>\n<p class=\"link-more\"><a href=\"https:\/\/zoiahorn.anarchaserver.org\/thf2022\/registrate-register-to-the-thf\/\" class=\"more-link\">Continue reading<span class=\"screen-reader-text\"> &#8220;Registrate \/ Register to the THF&#8221;<\/span><\/a><\/p>\n","protected":false},"author":2,"featured_media":0,"parent":0,"menu_order":0,"comment_status":"closed","ping_status":"closed","template":"","meta":{"footnotes":""},"class_list":["post-179","page","type-page","status-publish","hentry"],"_links":{"self":[{"href":"https:\/\/zoiahorn.anarchaserver.org\/thf2022\/wp-json\/wp\/v2\/pages\/179","targetHints":{"allow":["GET"]}}],"collection":[{"href":"https:\/\/zoiahorn.anarchaserver.org\/thf2022\/wp-json\/wp\/v2\/pages"}],"about":[{"href":"https:\/\/zoiahorn.anarchaserver.org\/thf2022\/wp-json\/wp\/v2\/types\/page"}],"author":[{"embeddable":true,"href":"https:\/\/zoiahorn.anarchaserver.org\/thf2022\/wp-json\/wp\/v2\/users\/2"}],"replies":[{"embeddable":true,"href":"https:\/\/zoiahorn.anarchaserver.org\/thf2022\/wp-json\/wp\/v2\/comments?post=179"}],"version-history":[{"count":6,"href":"https:\/\/zoiahorn.anarchaserver.org\/thf2022\/wp-json\/wp\/v2\/pages\/179\/revisions"}],"predecessor-version":[{"id":345,"href":"https:\/\/zoiahorn.anarchaserver.org\/thf2022\/wp-json\/wp\/v2\/pages\/179\/revisions\/345"}],"wp:attachment":[{"href":"https:\/\/zoiahorn.anarchaserver.org\/thf2022\/wp-json\/wp\/v2\/media?parent=179"}],"curies":[{"name":"wp","href":"https:\/\/api.w.org\/{rel}","templated":true}]}}