{"id":2,"date":"2022-01-21T16:50:31","date_gmt":"2022-01-21T16:50:31","guid":{"rendered":"https:\/\/zoiahorn.anarchaserver.org\/thf2022\/?page_id=2"},"modified":"2022-06-15T14:05:06","modified_gmt":"2022-06-15T14:05:06","slug":"ccc","status":"publish","type":"page","link":"https:\/\/zoiahorn.anarchaserver.org\/thf2022\/ccc\/","title":{"rendered":"C\u00f3digo de Cuidados Colectivos \/ Code of Collective Care \/ Code de Soins Collectifs \/ Codice di Cura Collettiva"},"content":{"rendered":"<p><a href=\"#ENG\">ENG<\/a> &#8211; <a href=\"#FR\">FR<\/a> &#8211; <a href=\"#IT\">IT<\/a><\/p>\n<p><strong><img loading=\"lazy\" decoding=\"async\" class=\"alignnone size-full wp-image-43\" src=\"https:\/\/zoiahorn.anarchaserver.org\/thf2022\/wp-content\/uploads\/sites\/10\/2022\/02\/NO_es_NOOO.jpg\" alt=\"\" width=\"500\" height=\"700\" \/><\/strong><\/p>\n<p><strong>IMPORTANTISIMAS cosas que debes saber antes de apuntarte a las jornadas THF!<\/strong><\/p>\n<div>\n<ul>\n<li>No es No<\/li>\n<li>De lxs participantes se espera un trato reciproco de respeto, tanto con las personas como con las instalaciones, y ayudar proactivamente a crear un ambiente acogedor. Si observas, ves o vives un comportamiento que no cumpla con esta norma, por favor, compartelo con el equipo de respuesta rapida (informacion en el infopoint) de una manera en que todxs podamos generar una respuesta, y asi crear un THF! tan acogedor y seguro como esperamos que sea.<\/li>\n<li>Este es un evento TransHackFeminista de alto voltaje y algunos comportamientos no son bienvenidos. Permite que alguien deje una conversaci\u00f3n donde la persona se siente inc\u00f3moda y no siga a las personas que pidieron que lo dejen en paz. Cualquier tipo de agresividad general y falta de respeto gratuito ser\u00e1 profundamente reprobado. No toleraremos cualquier forma de acoso, o falta de respeto a ninguna persona. Acoso Incluye: comentarios ofensivos basados en las identidades de g\u00e9nero, orientaci\u00f3n sexual, etnicidad, clase, aspecto f\u00edsico, incapacidad, religi\u00f3n y condici\u00f3n econ\u00f3mica social, incluyendo intimidaci\u00f3n, persecuci\u00f3n, fotograf\u00edas o v\u00eddeo sin acuerdo previo, invasi\u00f3n y contacto f\u00edsico indeseado. No te vamos a invitar a salir, te vamos a patear directamente fuera. En resumen, si te comportas como un gilipollas, THF! no es el sitio adecuado para ti.<\/li>\n<li>El THF! es un evento autogestionado. Esto significa que todxs lxs participantes han de contribuir de alguna manera, tanto en contenido, din\u00e1micas y log\u00edstica. Durante el evento, y antes, vamos a decidir juntxs qu\u00e9 tareas son b\u00e1sicas y estructurales a las que todo el mundo a contribuir para su realizaci\u00f3n. No somos proveedorxs de servicios, todxs limpiamos, documentamos, informamos, cuidamos de la comunidad aut\u00f3noma temporal que crearemos y por supuesto, nos divertimos juntxs!<\/li>\n<li>Respeto a los pronombres que cada unae de laes participantes prefiere, junto a su avatar o nombre elegido.<\/li>\n<li>No juzgar a les compas que utilizan herramientas no libres\/privativas en diferentes ambitos laboral\/personal\/social.<\/li>\n<li>El THF asi como Calafou estan totalmente volcados en el desarrollo y proteccion de la cultura libre. Por ello si quieres producir un articulo, pieza audiovisual o cualquier otro tipo de produccion multimedia acerca del THF y\/o calafou tendras que liberar ese material bajo una licencia libre. Leete porfavor nuestro <a href=\"https:\/\/wiki.calafou.org\/index.php\/Protocolo_medios\" data-cke-saved-href=\"https:\/\/wiki.calafou.org\/index.php\/Protocolo_medios\">protocolo de medios <\/a>para poder contribuir a ladocumentacion y difusion del evento THF 2022.<\/li>\n<li>Si presentas en los talleres y actividades agendas temas dif\u00edciles que pueden ser traum\u00e1ticos para les participantes, brinde advertencias para que las personas puedan dejar una conversaci\u00f3n o planificar estrategias de afrontamiento.<\/li>\n<li>Calafou es un proyecto eco-industrial, no es un proyecto agr\u00edcola, ni una eco-aldea, ni un proyecto de salud, ni un lugar de retiro para trabajar la espiritualidad o lo existencial. No es un lugar id\u00edlico aunque una amplia comunidad de personas llevan una decada trabajando en rehabilitar el espacio y mejorar sus infrasestructuras.<\/li>\n<li>Calafou es un espacio que se inicio con muchas compa\u00f1eras hacker pero tambi\u00e9n es un espacio mutante. En la ultima d\u00e9cada, en Calafou han participado varios colectivos transhackfeministas que actualmente ya NO forman parte de este proyecto. Calafou se mantiene, con proyectos como la cooperativa de viviendas y otros proyectos, si quieres saber que proyectos habitan actualmente este espacio informate en el<a href=\"https:\/\/calafou.org\/web\/index.php\/inicio\" data-cke-saved-href=\"https:\/\/calafou.org\/web\/index.php\/inicio\"> blog de Calafou! <\/a><\/li>\n<\/ul>\n<\/div>\n<hr \/>\n<p><strong id=\"ENG\">ENGLISH<\/strong> <strong>IMPORTANT things to know before you sign up for the THF!<\/strong><\/p>\n<ul>\n<li>No is No<\/li>\n<li>Participants are expected to treat with respect, both people and facilities, and to proactively help create a welcoming environment. If you observe, see or experience behaviour that does not meet this standard, please share it with the rapid response team (information in the infopoint) in a way that we can all generate a response, and create a THF! that is as welcoming and safe as we hope it will be.<\/li>\n<li>This is a TransHackFeminist event and some behaviours are not welcome. Let someone leave a conversation when the person feels uncomfortable and do not follow the people who have asked to be left alone. Any kind of general aggressiveness and gratuitous disrespect will be deeply frowned upon. We will not tolerate any form of harassment, or disrespect to any person. Harassment includes: offensive comments based on gender identity, sexual orientation, ethnicity, class, physical appearance, disability, religion and social economic status, including bullying, stalking, unwanted photographs or video without prior agreement, invasion and unwanted physical contact. We will not ask you to reconsider, we will kick you straight out. In short, if you behave like an asshole, THF! is not the place for you.<\/li>\n<li>THF! is a self-organised event. This means that all participants have to contribute in some way, both in content, dynamics and logistics. During the event, and before, we will decide together which tasks are basic and structural to which everyone will contribute to its realisation. We are not service providers, we all clean up, document, inform, take care of the temporary autonomous community we will create and of course, have fun together!<\/li>\n<li>Respect the pronouns that each of the participants prefers, along with their avatar or chosen name.<\/li>\n<li>Do not judge the fellows who use non-free\/privative tools in different work\/personal\/social environments.<\/li>\n<li>The THF as well as Calafou are fully committed to the development and protection of free culture. So if you want to produce an article, audiovisual piece or any other kind of multimedia production about the THF and\/or calafou you will have to release that material under a free license. Please read our <a href=\"https:\/\/wiki.calafou.org\/index.php\/Protocolo_medios\" data-cke-saved-href=\"https:\/\/wiki.calafou.org\/index.php\/Protocolo_medios\">media protocol <\/a>in order to contribute to the documentation and dissemination of the THF 2022 event.<\/li>\n<li>If you present difficult topics in workshops and activities that may be traumatic for participants, provide warnings so that people can leave a conversation or plan coping strategies.<\/li>\n<li>Calafou is an eco-industrial project, not an agricultural project, not an eco-village, not a health project, not a retreat place to work on spirituality or the existential. It is not an idyllic place, although a large community of people have been working for a decade to rehabilitate the space and improve its infrastructures.<\/li>\n<li>Calafou is a space that started with many fellow hackers but it is also a mutant space. In the last decade, several transhackfeminist collectives have participated in Calafou, but NOT all of them are still part of this project. Calafou is maintained, with the housing cooperative and other projects, if you want to know what projects currently inhabit this space, check out the <a href=\"https:\/\/calafou.org\/web\/index.php\/inicio\" data-cke-saved-href=\"https:\/\/calafou.org\/web\/index.php\/inicio\">Calafou blog!<\/a><\/li>\n<\/ul>\n<hr \/>\n<p><strong id=\"FR\">FRANCAIS<\/strong> <strong>Des choses IMPORTANTES \u00e0 savoir avant de s&#8217;inscrire au THF !<\/strong><\/p>\n<ul>\n<li>Non c&#8217;est non<\/li>\n<li>Les participant\u22c5e\u22c5s sont tenues de se traiter mutuellement avec respect, tant avec les personnes qu&#8217;avec les installations, et de contribuer de mani\u00e8re proactive \u00e0 la cr\u00e9ation d&#8217;un environnement accueillant. Si vous observez, voyez ou subissez un comportement qui ne r\u00e9pond pas \u00e0 cette norme, veuillez en faire part \u00e0 l&#8217;\u00e9quipe d&#8217;intervention rapide (informations dans l&#8217;infopoint) de mani\u00e8re \u00e0 ce que nous puissions toutes g\u00e9n\u00e9rer une r\u00e9ponse et cr\u00e9er un THF! qui soit aussi accueillant et s\u00fbr que nous l&#8217;esp\u00e9rons.<\/li>\n<li>Il s&#8217;agit d&#8217;un \u00e9v\u00e9nement TransHackFeministe et certains comportements ne sont pas les bienvenus. Laissez les personnes quitter les conversations o\u00f9 elles se sentent mal \u00e0 l&#8217;aise et ne suivez pas une personne ayant demand\u00e9 \u00e0 \u00eatre laiss\u00e9e seule . Toute forme d&#8217;agressivit\u00e9 g\u00e9n\u00e9rale et de manque de respect sera profond\u00e9ment d\u00e9sapprouv\u00e9e. Nous ne tol\u00e9rerons aucune forme de harc\u00e8lement, ni aucun manque de respect envers qui que ce soit. Le harc\u00e8lement comprend : les commentaires offensifs fond\u00e9s sur l&#8217;identit\u00e9 de genre, l&#8217;orientation sexuelle, l&#8217;origine ethnique, la classe sociale, l&#8217;apparence physique, le handicap, la religion et le statut socio-\u00e9conomique, y compris les brimades, le harc\u00e8lement, les photographies ou vid\u00e9os non d\u00e9sir\u00e9es sans accord pr\u00e9alable, l&#8217;invasion et le contact physique non d\u00e9sir\u00e9. Nous ne vous demanderons pas de reconsid\u00e9rer, nous vous mettrons directement dehors. En bref, si vous vous comportez comme un connard ou une connasse, THF ! n&#8217;est pas l&#8217;endroit pour vous.<\/li>\n<li>THF ! est un \u00e9v\u00e9nement auto-organis\u00e9. Cela signifie que toustes les participant\u22c5e\u22c5s doivent contribuer d&#8217;une mani\u00e8re ou d&#8217;une autre, tant au niveau du contenu que de la dynamique et de la logistique. Pendant l&#8217;\u00e9v\u00e9nement, et avant, nous d\u00e9ciderons ensemble des t\u00e2ches fondamentales et structurelles auxquelles chacun.e contribuera pour sa r\u00e9alisation. Nous ne sommes pas des prestataires de services, nous nettoyons toustes, documentons, informons, prenons soin ensemble de la communaut\u00e9 autonome temporaire que nous allons cr\u00e9er et, bien s\u00fbr, nous nous amusons ensemble !<\/li>\n<li>Respectez les pronoms que chaque participant pr\u00e9f\u00e8re, ainsi que son avatar ou son nom choisi.<\/li>\n<li>Ne jugez pas les coll\u00e8gues qui utilisent des outils non libres\/priv\u00e9s dans des environnements professionnels\/personnels\/sociaux diff\u00e9rents.<\/li>\n<li>Le THF ainsi que le Calafou sont pleinement engag\u00e9s dans le d\u00e9veloppement et la protection de la culture libre. Ainsi, si vous souhaitez produire un article, une pi\u00e8ce audiovisuelle ou tout autre type de production multim\u00e9dia sur le THF et\/ou le calafou, vous devrez publier ce mat\u00e9riel sous une licence libre. Veuillez lire notre <a href=\"https:\/\/wiki.calafou.org\/index.php\/Protocolo_medios\" data-cke-saved-href=\"https:\/\/wiki.calafou.org\/index.php\/Protocolo_medios\">protocole m\u00e9dia<\/a> afin de contribuer \u00e0 la documentation et \u00e0 la diffusion de l&#8217;\u00e9v\u00e9nement THF 2022.<\/li>\n<li>Si vous pr\u00e9sentez des sujets difficiles dans le cadre d&#8217;ateliers et d&#8217;activit\u00e9s qui peuvent \u00eatre traumatisants pour les participant\u22c5e\u22c5s , pr\u00e9voyez des avertissements afin que les gens puissent interrompre une conversation ou planifier des strat\u00e9gies d&#8217;adaptation.<\/li>\n<li>Calafou est un projet \u00e9co-industriel, pas un projet agricole, pas un \u00e9co-village, pas un projet de sant\u00e9, pas un lieu de retraite pour travailler sur la spiritualit\u00e9 ou l&#8217;existentiel. Ce n&#8217;est pas un endroit idyllique, m\u00eame si une grande communaut\u00e9 de personnes travaille depuis une d\u00e9cennie \u00e0 la r\u00e9habilitation de l&#8217;espace et \u00e0 l&#8217;am\u00e9lioration de ses infrastructures.<\/li>\n<li>Calafou est un espace qui a commenc\u00e9 avec de nombreux coll\u00e8gues hackers mais c&#8217;est aussi un espace mutant. Au cours de la derni\u00e8re d\u00e9cennie, plusieurs collectifs transhackf\u00e9ministes ont particip\u00e9 \u00e0 Calafou, mais ils ne font pas tous encore partie de ce projet. Calafou est entretenu, avec la coop\u00e9rative d&#8217;habitation et d&#8217;autres projets, si vous voulez savoir quels projets habitent actuellement cet espace, consultez le <a href=\"https:\/\/calafou.org\/web\/index.php\/inicio\" data-cke-saved-href=\"https:\/\/calafou.org\/web\/index.php\/inicio\">blog de Calafou<\/a>.<\/li>\n<\/ul>\n<hr \/>\n<p><strong id=\"IT\">ITALIANO<\/strong> <strong>Cose IMPORTANTI da sapere prima di iscriversi al THF!<\/strong><\/p>\n<ul>\n<li>No \u00e8 No<\/li>\n<li>Ci si aspetta che le persone che partecipano, trattino con rispetto, sia le persone che le strutture, e che aiutino proattivamente a creare un ambiente accogliente. Se osservi, vedi o subisci un comportamento che non rispetta questo standard, per favore condividilo con il team di risposta rapida (informazioni nell&#8217;infopoint) in modo che tutti possiamo generare una risposta, e creare un THF! che sia accogliente e sicuro come speriamo che sia.<\/li>\n<li>Questo \u00e8 un evento TransHackFemminista e alcuni comportamenti non sono graditi. Lasciate che le persone abbandonino una conversazione quando si sentono a disagio e non seguitele se hanno chiesto di essere lasciate sole. Qualsiasi tipo di aggressivit\u00e0 generale e mancanza di rispetto gratuita sar\u00e0 profondamente disapprovata. Non tollereremo alcuna forma di molestia o di mancanza di rispetto verso qualsiasi persona. Le molestie includono: commenti offensivi basati sull&#8217;identit\u00e0 di genere, l&#8217;orientamento sessuale, l&#8217;etnia, la classe, l&#8217;aspetto fisico, la disabilit\u00e0, la religione e lo status economico sociale, incluso il bullismo, lo stalking, fotografie o video indesiderati senza previo accordo, invasione e contatto fisico indesiderato. Non vi chiederemo di riflettere, vi cacceremo via subito. In breve, se ti comporti come uno stronzo, THF! non \u00e8 il posto per te.qualcuno<\/li>\n<li>THF! \u00e8 un evento auto-organizzato. Questo significa che tutti i partecipanti devono contribuire in qualche modo, sia nei contenuti che nelle dinamiche e nella logistica. Prima e durante l&#8217;evento decideremo insieme quali sono i temi fondamentali e strutturali chiunque contribuir\u00e0 per la sua realizzazione. Non siamo fornitori di servizi, tutti noi puliamo, documentiamo, informiamo, ci prendiamo cura della comunit\u00e0 temporanea autonoma che creeremo e, naturalmente, ci divertiamo insieme!<\/li>\n<li>Rispettate i pronomi che ogni partecipante preferisce, insieme al suo avatar o al nome scelto.<\/li>\n<li>Non giudicate i colleghi che utilizzano strumenti non liberi\/privativi in ambienti lavorativi\/personali\/sociali diversi.<\/li>\n<li>Il THF, cos\u00ec come Calafou, sono impegnati nello sviluppo e nella protezione della cultura libera. Quindi se vuoi produrre un articolo, un pezzo audiovisivo o qualsiasi altro tipo di produzione multimediale sul THF e\/o Calafou dovrai rilasciare quel materiale sotto una licenza libera. Per favore, leggete il <a href=\"https:\/\/wiki.calafou.org\/index.php\/Protocolo_medios\">nostro protocollo per i media<\/a> al fine di contribuire alla documentazione e alla diffusione dell&#8217;evento THF 2022.<\/li>\n<li>Se presentate argomenti difficili in workshop e attivit\u00e0 che possono essere rischiosi per i partecipanti, fornite avvertimenti in modo che le persone possano abbandonare la conversazione o pianificare strategie di adattamento.<\/li>\n<li>Calafou \u00e8 un progetto eco-industriale, non un progetto agricolo, non un eco-villaggio, non un progetto sanitario, non un luogo di ritiro per lavorare sulla spiritualit\u00e0 o sull&#8217;esistenziale. Non \u00e8 un luogo idilliaco, anche se una grande comunit\u00e0 di persone ha lavorato per un decennio per riabilitare lo spazio e migliorare le sue infrastrutture.<\/li>\n<li>Calafou \u00e8 uno spazio che \u00e8 iniziato con hacker, ma \u00e8 anche uno spazio mutante. Negli ultimi dieci anni, diversi collettivi transhackfemministi hanno partecipato a Calafou, ma NON tutti fanno ancora parte di questo progetto. Se vuoi sapere quali progetti abitano attualmente questo spazio, controlla<a href=\"https:\/\/calafou.org\/web\/index.php\/inicio\"> il blog di Calafou!<\/a><\/li>\n<\/ul>\n<p>&nbsp;<\/p>\n","protected":false},"excerpt":{"rendered":"<p>ENG &#8211; FR &#8211; IT IMPORTANTISIMAS cosas que debes saber antes de apuntarte a las jornadas THF! No es No De lxs participantes se espera un trato reciproco de respeto, tanto con las personas como con las instalaciones, y ayudar proactivamente a crear un ambiente acogedor. Si observas, ves o vives un comportamiento que no &hellip; <\/p>\n<p class=\"link-more\"><a href=\"https:\/\/zoiahorn.anarchaserver.org\/thf2022\/ccc\/\" class=\"more-link\">Continue reading<span class=\"screen-reader-text\"> &#8220;C\u00f3digo de Cuidados Colectivos \/ Code of Collective Care \/ Code de Soins Collectifs \/ Codice di Cura Collettiva&#8221;<\/span><\/a><\/p>\n","protected":false},"author":16,"featured_media":0,"parent":0,"menu_order":1,"comment_status":"closed","ping_status":"open","template":"","meta":{"footnotes":""},"class_list":["post-2","page","type-page","status-publish","hentry"],"_links":{"self":[{"href":"https:\/\/zoiahorn.anarchaserver.org\/thf2022\/wp-json\/wp\/v2\/pages\/2","targetHints":{"allow":["GET"]}}],"collection":[{"href":"https:\/\/zoiahorn.anarchaserver.org\/thf2022\/wp-json\/wp\/v2\/pages"}],"about":[{"href":"https:\/\/zoiahorn.anarchaserver.org\/thf2022\/wp-json\/wp\/v2\/types\/page"}],"author":[{"embeddable":true,"href":"https:\/\/zoiahorn.anarchaserver.org\/thf2022\/wp-json\/wp\/v2\/users\/16"}],"replies":[{"embeddable":true,"href":"https:\/\/zoiahorn.anarchaserver.org\/thf2022\/wp-json\/wp\/v2\/comments?post=2"}],"version-history":[{"count":8,"href":"https:\/\/zoiahorn.anarchaserver.org\/thf2022\/wp-json\/wp\/v2\/pages\/2\/revisions"}],"predecessor-version":[{"id":357,"href":"https:\/\/zoiahorn.anarchaserver.org\/thf2022\/wp-json\/wp\/v2\/pages\/2\/revisions\/357"}],"wp:attachment":[{"href":"https:\/\/zoiahorn.anarchaserver.org\/thf2022\/wp-json\/wp\/v2\/media?parent=2"}],"curies":[{"name":"wp","href":"https:\/\/api.w.org\/{rel}","templated":true}]}}