{"id":479,"date":"2022-07-16T13:59:34","date_gmt":"2022-07-16T13:59:34","guid":{"rendered":"https:\/\/zoiahorn.anarchaserver.org\/thf2022\/?page_id=479"},"modified":"2022-07-31T13:22:02","modified_gmt":"2022-07-31T13:22:02","slug":"documentar","status":"publish","type":"page","link":"https:\/\/zoiahorn.anarchaserver.org\/thf2022\/bienvenides-a-la-convergencia-transhackfeminista-2022\/documentar\/","title":{"rendered":"Documentar"},"content":{"rendered":"<p><img loading=\"lazy\" decoding=\"async\" class=\"alignnone size-full wp-image-51\" src=\"https:\/\/zoiahorn.anarchaserver.org\/thf2022\/wp-content\/uploads\/sites\/10\/2022\/02\/annieeasley.jpg\" alt=\"\" width=\"1280\" height=\"1130\" \/><\/p>\n<p><a href=\"#ENG\">ENG<\/a> &#8211; <a href=\"#FR\">FR<\/a> &#8211; <a href=\"#IT\">IT<\/a><\/p>\n<p><strong>CAST<\/strong><\/p>\n<p>Nuestro objetivo es documentar \u00edntegramente el THF en formato de texto, im\u00e1genes, audio y\/o v\u00eddeo para aquellos que no puedan estar presentes.<\/p>\n<p><strong>Antes del THF:<\/strong> Estableceremos un sistema de documentaci\u00f3n de todos los talleres con almohadillas que ser\u00e1n accesibles para todos los participantes del FST. Las personas que impartan los talleres podr\u00e1n poner la informaci\u00f3n pertinente sobre su taller en el bloc antes de que \u00e9ste tenga lugar y, durante el taller, los participantes podr\u00e1n a\u00f1adir notas e informaci\u00f3n \u00fatil en el bloc. <a href=\"https:\/\/cpad.futuretic.fr\/pad\/#\/2\/pad\/edit\/YtMCbl2KVMCn-zy3j1Bgw6qj\/\">Aqui encuentras el mistress pad para el evento.<\/a><\/p>\n<p><strong>Para las talleristas:<\/strong> Cuando lleguen a Calafou, ir\u00e1n primero al InfoPoint donde se les dar\u00e1 la direcci\u00f3n del bloc interno para tomar notas. Antes de su actividad, a\u00f1ada en el bloc toda la informaci\u00f3n necesaria sobre la misma, incluidos los enlaces. Si ha solicitado una transmisi\u00f3n de audio o v\u00eddeo, se le informar\u00e1 de los pasos a seguir.<\/p>\n<p><strong>Durante su actividad:<\/strong> Recuerde a los participantes que asistan a su actividad la direcci\u00f3n del pad interno y pida a los participantes que contribuyan a la documentaci\u00f3n en el pad. Y tambi\u00e9n informe a los participantes si la sesi\u00f3n se graba (audio) o se transmite (v\u00eddeo) en caso de que no quieran aparecer en el audio y\/o v\u00eddeo.<\/p>\n<p><strong>Durante el THF:<\/strong> Habr\u00e1 un espacio habilitado en el servidor interno de calafou donde las personas podr\u00e1n subir los materiales que hayan producido durante el THF, ya sea grabaci\u00f3n de audios, videos, fotos, etc. Recordad que no deb\u00e9is hacer fotos o v\u00eddeos con personas sin su consentimiento, s\u00f3lo pod\u00e9is hacer fotos o v\u00eddeos de los espacios o de las personas si no son reconocibles y si los compart\u00eds usando una licencia libre o abierta.<\/p>\n<p>Para las interesadas, habr\u00e1 un taller y un espacio para elaborar un fanzine de THF durante el evento. Para los participantes que lo hayan solicitado, algunas de las sesiones se transmitir\u00e1n por Internet y se grabar\u00e1n en v\u00eddeo y otras se grabar\u00e1n en audio.<\/p>\n<p><strong>Despu\u00e9s del THF:<\/strong> La documentaci\u00f3n del THF 2022 se compartir\u00e1 en <a href=\"https:\/\/alexandria.anarchaserver.org\/index.php\/Main_Page#TransHackFeminist_Convergence\" data-cke-saved-href=\"https:\/\/alexandria.anarchaserver.org\/index.php\/Main_Page#TransHackFeminist_Convergence\">la wiki del THF <\/a>como se hizo en las ediciones anteriores. Esto permitir\u00e1 mantener la memoria de las actividades realizadas.\u00a0 Los v\u00eddeos y audios grabados durante el THF se compartir\u00e1n en un servidor feminista. M\u00e1s informaci\u00f3n en breve.<\/p>\n<p><strong id=\"ENG\">ENGLISH<\/strong><\/p>\n<p>We aim to fully document the THF in text, pictures, audio and\/or video formats for those who can&#8217;t be present.<\/p>\n<p><strong>Before the THF:<\/strong> We will set up a system of documentation of all workshops with pads that will be acessible by all THF participants. People giving the workshops can put relevant information about their workshop in the pad before the workshop takes place and during the workshop participants can add notes and useful information in the pad. <a href=\"https:\/\/cpad.futuretic.fr\/pad\/#\/2\/pad\/edit\/YtMCbl2KVMCn-zy3j1Bgw6qj\/\">The mistress pad for the THF is here.<\/a><\/p>\n<p><strong>For those presenting<\/strong>: When you arrive in Calafou, you will first go to the InfoPoint where you will be given the address of the internal pad to take notes. Prior to your activity, please add all the necessary information about the activity including links on the pad. If you have requested an audio or\/video stream you will be informed about the steps to follow.<\/p>\n<p><strong>During your activity: <\/strong>Remind participants attending your activity the address of the internal pad and ask participants to contribute to the documentation on the pad. And also inform participants if the session is recorded (audio) or streamed (video) in case they do not want to appear in the audio and\/or video.<\/p>\n<p><strong>During the THF: <\/strong>There will be a space set in the internal server of calafou where people can upload materials they have produced during the THF, either audios recording, videos, pictures and so on. Remind that you should not do photos or videos with people in it without their consent, you can only take pictures or videos of the spaces or the people if they are not recognisable and if you share those using a free or open license.<\/p>\n<p>For those interested, there will be a workshop and space for developing a THF fanzine during the event. For the participants that have requested it, some of the sessions will be streamed online and video recorded and others will be audio recorded.<\/p>\n<p><strong>After the THF: <\/strong>The documentation for the THF 2022 will be shared on the<a href=\"https:\/\/alexandria.anarchaserver.org\/index.php\/Main_Page#TransHackFeminist_Convergence\" data-cke-saved-href=\"https:\/\/alexandria.anarchaserver.org\/index.php\/Main_Page#TransHackFeminist_Convergence\"> THF wiki <\/a>as it was done for the previous editions. This will allow to keep the memory of the activities being held.\u00a0 Videos and audios recorded during the THF will be shared in a feminist server. More info soon.<\/p>\n<p><strong id=\"FR\">FRANCAIS<\/strong><\/p>\n<p>Nous avons pour objectif de documenter enti\u00e8rement le THF sous forme de texte, d&#8217;images, de formats audio et\/ou vid\u00e9o pour ceux qui ne peuvent pas \u00eatre pr\u00e9sents.<\/p>\n<p><strong>Avant le THF :<\/strong> Nous mettrons en place un syst\u00e8me de documentation de tous les ateliers avec des blocs-notes qui seront accessibles \u00e0 tout.e.s les participant.e.s au THF. Les personnes qui organisent les ateliers peuvent y mettre des informations pertinentes sur leur atelier avant que celui-ci n&#8217;ait lieu et, pendant l&#8217;atelier, les participant.<a href=\"https:\/\/cpad.futuretic.fr\/pad\/#\/2\/pad\/edit\/YtMCbl2KVMCn-zy3j1Bgw6qj\/\">Es peuvent y ajouter des notes et des informations utiles.<\/a><\/p>\n<p><strong>Pour les personnes qui font des ateliers\/nodes :<\/strong> Lorsque vous arriverez \u00e0 Calafou, vous vous rendrez d&#8217;abord \u00e0 l&#8217;Infopoint o\u00f9 l&#8217;on vous donnera l&#8217;adresse du pad interne pour prendre des notes. Avant votre activit\u00e9, veuillez ajouter toutes les informations n\u00e9cessaires sur l&#8217;activit\u00e9, y compris les liens sur le pad. Si vous avez demand\u00e9 un flux audio ou vid\u00e9o, vous serez inform\u00e9 des \u00e9tapes \u00e0 suivre.<\/p>\n<p><strong>Pendant votre activit\u00e9 :<\/strong> Rappelez aux participants qui assistent \u00e0 votre activit\u00e9 l&#8217;adresse du pad interne et demandez-leur de contribuer \u00e0 la documentation sur le pad. Informez \u00e9galement les participants si la session est enregistr\u00e9e (audio) ou diffus\u00e9e (vid\u00e9o) au cas o\u00f9 ils ne souhaiteraient pas appara\u00eetre dans l&#8217;audio et\/ou la vid\u00e9o.<\/p>\n<p><strong>Pendant le THF :<\/strong> Il y aura un espace sur le serveur interne de calafou o\u00f9 les gens pourront t\u00e9l\u00e9charger les documents qu&#8217;ils ont produits pendant le THF, que ce soit des enregistrements audio, des vid\u00e9os, des photos, etc. Rappelez que vous ne devez pas faire de photos ou de vid\u00e9os avec des personnes sans leur consentement, vous pouvez seulement prendre des photos ou des vid\u00e9os des espaces ou des personnes si elles ne sont pas reconnaissables et si vous les partagez en utilisant une licence libre ou ouverte.<\/p>\n<p>Pour les personnes int\u00e9ress\u00e9es, il y aura un atelier et un espace pour d\u00e9velopper un fanzine THF pendant l&#8217;\u00e9v\u00e9nement. Pour les participants qui l&#8217;ont demand\u00e9, certaines sessions seront diffus\u00e9es en ligne et enregistr\u00e9es en vid\u00e9o, d&#8217;autres seront enregistr\u00e9es en audio.<\/p>\n<p><strong>Apr\u00e8s le THF :<\/strong> la documentation du THF 2022 sera partag\u00e9e sur<a href=\"https:\/\/alexandria.anarchaserver.org\/index.php\/Main_Page#TransHackFeminist_Convergence\" data-cke-saved-href=\"https:\/\/alexandria.anarchaserver.org\/index.php\/Main_Page#TransHackFeminist_Convergence\"> la wiki du THF<\/a> comme cela a \u00e9t\u00e9 fait pour les \u00e9ditions pr\u00e9c\u00e9dentes. Cela permettra de garder la m\u00e9moire des activit\u00e9s organis\u00e9es.\u00a0 Les vid\u00e9os et audios enregistr\u00e9s pendant le THF seront partag\u00e9s sur un serveur f\u00e9ministe. Plus d&#8217;informations bient\u00f4t.<\/p>\n<p><strong id=\"IT\">ITALIANO<\/strong><\/p>\n<p>Ci proponiamo di documentare completamente il THF in formato testo, immagini, audio e\/o video per le persone che non possono essere presenti.<\/p>\n<p><strong>Prima del THF<\/strong>: <a href=\"https:\/\/cpad.futuretic.fr\/pad\/#\/2\/pad\/edit\/YtMCbl2KVMCn-zy3j1Bgw6qj\/\">predisporre in anticipo tutti i pad interni.<\/a><\/p>\n<p><strong>Per chi presenta<\/strong>: Quando arriverete a Calafou, vi recherete prima all&#8217;InfoPoint dove vi verr\u00e0 dato l&#8217;indirizzo del blocco interno per prendere appunti. Prima della vostra attivit\u00e0, aggiungete tutte le informazioni necessarie sull&#8217;attivit\u00e0, compresi i link, sul pad. Se avete richiesto audio o video, sarete informati sui passi da seguire.<\/p>\n<p><strong>Durante l&#8217;attivit\u00e0<\/strong>: Ricordate alle persone\u00a0 partecipanti alla vostra attivit\u00e0 l&#8217;indirizzo del pad interno e chiedete ai partecipanti di contribuire alla documentazione sul pad.<\/p>\n<p><strong>Durante il THF<\/strong>: per chi tiene interes , ci sar\u00e0 la possibilit\u00e0 di realizzare fanzine collettive per documentare il THF. Se avete interresse, attivate questa opzione durante la vostra attivit\u00e0.<\/p>\n<p><strong>Dopo il THF<\/strong>: la documentazione del THF 2022 sar\u00e0 condivisa <a href=\"https:\/\/alexandria.anarchaserver.org\/index.php\/Main_Page#TransHackFeminist_Convergence\" data-cke-saved-href=\"https:\/\/alexandria.anarchaserver.org\/index.php\/Main_Page#TransHackFeminist_Convergence\">sul wiki del THF<\/a> come \u00e8 stato fatto negli anni precedenti. Questo permetter\u00e0 di mantenere la memoria delle attivit\u00e0 svolte.<\/p>\n","protected":false},"excerpt":{"rendered":"<p>ENG &#8211; FR &#8211; IT CAST Nuestro objetivo es documentar \u00edntegramente el THF en formato de texto, im\u00e1genes, audio y\/o v\u00eddeo para aquellos que no puedan estar presentes. Antes del THF: Estableceremos un sistema de documentaci\u00f3n de todos los talleres con almohadillas que ser\u00e1n accesibles para todos los participantes del FST. Las personas que impartan &hellip; <\/p>\n<p class=\"link-more\"><a href=\"https:\/\/zoiahorn.anarchaserver.org\/thf2022\/bienvenides-a-la-convergencia-transhackfeminista-2022\/documentar\/\" class=\"more-link\">Continue reading<span class=\"screen-reader-text\"> &#8220;Documentar&#8221;<\/span><\/a><\/p>\n","protected":false},"author":2,"featured_media":0,"parent":485,"menu_order":0,"comment_status":"closed","ping_status":"closed","template":"","meta":{"footnotes":""},"class_list":["post-479","page","type-page","status-publish","hentry"],"_links":{"self":[{"href":"https:\/\/zoiahorn.anarchaserver.org\/thf2022\/wp-json\/wp\/v2\/pages\/479","targetHints":{"allow":["GET"]}}],"collection":[{"href":"https:\/\/zoiahorn.anarchaserver.org\/thf2022\/wp-json\/wp\/v2\/pages"}],"about":[{"href":"https:\/\/zoiahorn.anarchaserver.org\/thf2022\/wp-json\/wp\/v2\/types\/page"}],"author":[{"embeddable":true,"href":"https:\/\/zoiahorn.anarchaserver.org\/thf2022\/wp-json\/wp\/v2\/users\/2"}],"replies":[{"embeddable":true,"href":"https:\/\/zoiahorn.anarchaserver.org\/thf2022\/wp-json\/wp\/v2\/comments?post=479"}],"version-history":[{"count":5,"href":"https:\/\/zoiahorn.anarchaserver.org\/thf2022\/wp-json\/wp\/v2\/pages\/479\/revisions"}],"predecessor-version":[{"id":514,"href":"https:\/\/zoiahorn.anarchaserver.org\/thf2022\/wp-json\/wp\/v2\/pages\/479\/revisions\/514"}],"up":[{"embeddable":true,"href":"https:\/\/zoiahorn.anarchaserver.org\/thf2022\/wp-json\/wp\/v2\/pages\/485"}],"wp:attachment":[{"href":"https:\/\/zoiahorn.anarchaserver.org\/thf2022\/wp-json\/wp\/v2\/media?parent=479"}],"curies":[{"name":"wp","href":"https:\/\/api.w.org\/{rel}","templated":true}]}}